{"id":185,"date":"2025-07-12T08:46:45","date_gmt":"2025-07-12T06:46:45","guid":{"rendered":"https:\/\/byartistic.com\/?page_id=185"},"modified":"2026-01-26T14:27:50","modified_gmt":"2026-01-26T13:27:50","slug":"home","status":"publish","type":"page","link":"https:\/\/byartistic.com\/","title":{"rendered":"home"},"content":{"rendered":"\t\t<div data-elementor-type=\"wp-page\" data-elementor-id=\"185\" class=\"elementor elementor-185\">\n\t\t\t\t<div class=\"elementor-element elementor-element-80832e3 e-flex e-con-boxed e-con e-parent\" data-id=\"80832e3\" data-element_type=\"container\" data-e-type=\"container\">\n\t\t\t\t\t<div class=\"e-con-inner\">\n\t\t\t\t<div class=\"elementor-element elementor-element-47c9859 elementor-widget elementor-widget-image\" data-id=\"47c9859\" data-element_type=\"widget\" data-e-type=\"widget\" data-widget_type=\"image.default\">\n\t\t\t\t\t\t\t\t\t\t\t\t\t\t\t<img fetchpriority=\"high\" decoding=\"async\" width=\"2560\" height=\"302\" src=\"https:\/\/byartistic.com\/wp-content\/uploads\/2025\/09\/titolgran-scaled.png\" class=\"attachment-full size-full wp-image-353\" alt=\"\" srcset=\"https:\/\/byartistic.com\/wp-content\/uploads\/2025\/09\/titolgran-scaled.png 2560w, https:\/\/byartistic.com\/wp-content\/uploads\/2025\/09\/titolgran-600x71.png 600w, https:\/\/byartistic.com\/wp-content\/uploads\/2025\/09\/titolgran-768x91.png 768w, https:\/\/byartistic.com\/wp-content\/uploads\/2025\/09\/titolgran-1536x181.png 1536w, https:\/\/byartistic.com\/wp-content\/uploads\/2025\/09\/titolgran-2048x241.png 2048w\" sizes=\"(max-width: 2560px) 100vw, 2560px\" \/>\t\t\t\t\t\t\t\t\t\t\t\t\t\t\t<\/div>\n\t\t\t\t\t<\/div>\n\t\t\t\t<\/div>\n\t\t<div class=\"elementor-element elementor-element-efcb125 e-flex e-con-boxed e-con e-parent\" data-id=\"efcb125\" data-element_type=\"container\" data-e-type=\"container\">\n\t\t\t\t\t<div class=\"e-con-inner\">\n\t\t\t\t<div class=\"elementor-element elementor-element-6a53c1e elementor-widget elementor-widget-heading\" data-id=\"6a53c1e\" data-element_type=\"widget\" data-e-type=\"widget\" data-widget_type=\"heading.default\">\n\t\t\t\t\t<h1 class=\"elementor-heading-title elementor-size-default\">byartistic<\/h1>\t\t\t\t<\/div>\n\t\t\t\t<div class=\"elementor-element elementor-element-ee5ebf7 elementor-widget elementor-widget-heading\" data-id=\"ee5ebf7\" data-element_type=\"widget\" data-e-type=\"widget\" data-widget_type=\"heading.default\">\n\t\t\t\t\t<h1 class=\"elementor-heading-title elementor-size-default\">Byartistic.com web de dibujo<\/h1>\t\t\t\t<\/div>\n\t\t\t\t<div class=\"elementor-element elementor-element-c234331 elementor-widget elementor-widget-image-carousel\" data-id=\"c234331\" data-element_type=\"widget\" data-e-type=\"widget\" data-settings=\"{&quot;slides_to_show&quot;:&quot;6&quot;,&quot;slides_to_show_tablet&quot;:&quot;4&quot;,&quot;slides_to_show_mobile&quot;:&quot;2&quot;,&quot;slides_to_scroll&quot;:&quot;2&quot;,&quot;slides_to_scroll_tablet&quot;:&quot;2&quot;,&quot;slides_to_scroll_mobile&quot;:&quot;2&quot;,&quot;navigation&quot;:&quot;none&quot;,&quot;lazyload&quot;:&quot;yes&quot;,&quot;autoplay_speed&quot;:700,&quot;speed&quot;:2500,&quot;image_spacing_custom&quot;:{&quot;unit&quot;:&quot;px&quot;,&quot;size&quot;:30,&quot;sizes&quot;:[]},&quot;image_spacing_custom_mobile&quot;:{&quot;unit&quot;:&quot;px&quot;,&quot;size&quot;:9,&quot;sizes&quot;:[]},&quot;autoplay&quot;:&quot;yes&quot;,&quot;infinite&quot;:&quot;yes&quot;,&quot;image_spacing_custom_tablet&quot;:{&quot;unit&quot;:&quot;px&quot;,&quot;size&quot;:&quot;&quot;,&quot;sizes&quot;:[]}}\" data-widget_type=\"image-carousel.default\">\n\t\t\t\t\t\t\t<div class=\"elementor-image-carousel-wrapper swiper\" role=\"region\" aria-roledescription=\"carousel\" aria-label=\"galeria petita\" dir=\"rtl\">\n\t\t\t<div class=\"elementor-image-carousel swiper-wrapper\" aria-live=\"off\">\n\t\t\t\t\t\t\t\t<div class=\"swiper-slide\" role=\"group\" aria-roledescription=\"slide\" aria-label=\"1 de 34\"><figure class=\"swiper-slide-inner\"><img class=\"swiper-slide-image swiper-lazy\" data-src=\"https:\/\/byartistic.com\/wp-content\/uploads\/2025\/10\/sira2.png\" alt=\"Retrato de ni\u00f1a realizado con l\u00e1pices de colores. Sira.\" \/><div class=\"swiper-lazy-preloader\"><\/div><\/figure><\/div><div class=\"swiper-slide\" role=\"group\" aria-roledescription=\"slide\" aria-label=\"2 de 34\"><figure class=\"swiper-slide-inner\"><img class=\"swiper-slide-image swiper-lazy\" data-src=\"https:\/\/byartistic.com\/wp-content\/uploads\/2025\/10\/sira1.png\" alt=\"Retrato de ni\u00f1a realizado a pastel. Sira.\" \/><div class=\"swiper-lazy-preloader\"><\/div><\/figure><\/div><div class=\"swiper-slide\" role=\"group\" aria-roledescription=\"slide\" aria-label=\"3 de 34\"><figure class=\"swiper-slide-inner\"><img class=\"swiper-slide-image swiper-lazy\" data-src=\"https:\/\/byartistic.com\/wp-content\/uploads\/2025\/10\/noa1.png\" alt=\"Retrato de mujer de perfil realizado a pastel. Noa.\" \/><div class=\"swiper-lazy-preloader\"><\/div><\/figure><\/div><div class=\"swiper-slide\" role=\"group\" aria-roledescription=\"slide\" aria-label=\"4 de 34\"><figure class=\"swiper-slide-inner\"><img class=\"swiper-slide-image swiper-lazy\" data-src=\"https:\/\/byartistic.com\/wp-content\/uploads\/2025\/10\/noa2.png\" alt=\"Retrato de mujer realizado con acuarela y l\u00e1pices de colores. Noa.\" \/><div class=\"swiper-lazy-preloader\"><\/div><\/figure><\/div><div class=\"swiper-slide\" role=\"group\" aria-roledescription=\"slide\" aria-label=\"5 de 34\"><figure class=\"swiper-slide-inner\"><img class=\"swiper-slide-image swiper-lazy\" data-src=\"https:\/\/byartistic.com\/wp-content\/uploads\/2025\/10\/noaona.png\" alt=\"Retrato de mujer y olas realizado con acuarela y l\u00e1pices de colores. Noa.\" \/><div class=\"swiper-lazy-preloader\"><\/div><\/figure><\/div><div class=\"swiper-slide\" role=\"group\" aria-roledescription=\"slide\" aria-label=\"6 de 34\"><figure class=\"swiper-slide-inner\"><img class=\"swiper-slide-image swiper-lazy\" data-src=\"https:\/\/byartistic.com\/wp-content\/uploads\/2025\/10\/maternitat.png\" alt=\"Retrato familiar, maternidad realizado con l\u00e1pices de colores. Maternitat\" \/><div class=\"swiper-lazy-preloader\"><\/div><\/figure><\/div><div class=\"swiper-slide\" role=\"group\" aria-roledescription=\"slide\" aria-label=\"7 de 34\"><figure class=\"swiper-slide-inner\"><img class=\"swiper-slide-image swiper-lazy\" data-src=\"https:\/\/byartistic.com\/wp-content\/uploads\/2025\/10\/elia.png\" alt=\"Retrato de ni\u00f1a sentada en escal\u00f3n realizado con l\u00e1pices de colores. Elia.\" \/><div class=\"swiper-lazy-preloader\"><\/div><\/figure><\/div><div class=\"swiper-slide\" role=\"group\" aria-roledescription=\"slide\" aria-label=\"8 de 34\"><figure class=\"swiper-slide-inner\"><img class=\"swiper-slide-image swiper-lazy\" data-src=\"https:\/\/byartistic.com\/wp-content\/uploads\/2025\/10\/elies.png\" alt=\"Retrato familiar , padre e hija realizado con l\u00e1pices de colores en blanco y negro. Elies y Elia.\" \/><div class=\"swiper-lazy-preloader\"><\/div><\/figure><\/div><div class=\"swiper-slide\" role=\"group\" aria-roledescription=\"slide\" aria-label=\"9 de 34\"><figure class=\"swiper-slide-inner\"><img class=\"swiper-slide-image swiper-lazy\" data-src=\"https:\/\/byartistic.com\/wp-content\/uploads\/2025\/10\/duet2.png\" alt=\"Retrato de ni\u00f1os realizado a l\u00e1pices de colores. Eira y Idar.\" \/><div class=\"swiper-lazy-preloader\"><\/div><\/figure><\/div><div class=\"swiper-slide\" role=\"group\" aria-roledescription=\"slide\" aria-label=\"10 de 34\"><figure class=\"swiper-slide-inner\"><img class=\"swiper-slide-image swiper-lazy\" data-src=\"https:\/\/byartistic.com\/wp-content\/uploads\/2025\/10\/duet1.png\" alt=\"Retrato de ni\u00f1os realizado a l\u00e1pices de colores. Idar y Eira.\" \/><div class=\"swiper-lazy-preloader\"><\/div><\/figure><\/div><div class=\"swiper-slide\" role=\"group\" aria-roledescription=\"slide\" aria-label=\"11 de 34\"><figure class=\"swiper-slide-inner\"><img class=\"swiper-slide-image swiper-lazy\" data-src=\"https:\/\/byartistic.com\/wp-content\/uploads\/2025\/10\/uma.png\" alt=\"Retrato de ni\u00f1a realizado a pastel. Uma.\" \/><div class=\"swiper-lazy-preloader\"><\/div><\/figure><\/div><div class=\"swiper-slide\" role=\"group\" aria-roledescription=\"slide\" aria-label=\"12 de 34\"><figure class=\"swiper-slide-inner\"><img class=\"swiper-slide-image swiper-lazy\" data-src=\"https:\/\/byartistic.com\/wp-content\/uploads\/2025\/10\/clues.png\" alt=\"Retrato familiar de pareja realizado a pastel. Clua y Marin\u00e9.\" \/><div class=\"swiper-lazy-preloader\"><\/div><\/figure><\/div><div class=\"swiper-slide\" role=\"group\" aria-roledescription=\"slide\" aria-label=\"13 de 34\"><figure class=\"swiper-slide-inner\"><img class=\"swiper-slide-image swiper-lazy\" data-src=\"https:\/\/byartistic.com\/wp-content\/uploads\/2025\/10\/miriam.png\" alt=\"Retrato de mujer &quot;selfie&quot; realizado con l\u00e1pices de colores. Miriam.\" \/><div class=\"swiper-lazy-preloader\"><\/div><\/figure><\/div><div class=\"swiper-slide\" role=\"group\" aria-roledescription=\"slide\" aria-label=\"14 de 34\"><figure class=\"swiper-slide-inner\"><img class=\"swiper-slide-image swiper-lazy\" data-src=\"https:\/\/byartistic.com\/wp-content\/uploads\/2025\/10\/lola-1.png\" alt=\"Retrato de mujer realizado con l\u00e1pices cont\u00e9 sepia. Lola.\" \/><div class=\"swiper-lazy-preloader\"><\/div><\/figure><\/div><div class=\"swiper-slide\" role=\"group\" aria-roledescription=\"slide\" aria-label=\"15 de 34\"><figure class=\"swiper-slide-inner\"><img class=\"swiper-slide-image swiper-lazy\" data-src=\"https:\/\/byartistic.com\/wp-content\/uploads\/2025\/10\/marimar.png\" alt=\"Retrato familiar de primer plano realizado con l\u00e1pices de colores. Mar, Dani, Eric y Marc.\" \/><div class=\"swiper-lazy-preloader\"><\/div><\/figure><\/div><div class=\"swiper-slide\" role=\"group\" aria-roledescription=\"slide\" aria-label=\"16 de 34\"><figure class=\"swiper-slide-inner\"><img class=\"swiper-slide-image swiper-lazy\" data-src=\"https:\/\/byartistic.com\/wp-content\/uploads\/2025\/10\/ainanausica.png\" alt=\"Retrato familiar , madre e hija realizado con l\u00e1pices de colores en blanco y negro. Aina y Nausica.\" \/><div class=\"swiper-lazy-preloader\"><\/div><\/figure><\/div><div class=\"swiper-slide\" role=\"group\" aria-roledescription=\"slide\" aria-label=\"17 de 34\"><figure class=\"swiper-slide-inner\"><img class=\"swiper-slide-image swiper-lazy\" data-src=\"https:\/\/byartistic.com\/wp-content\/uploads\/2025\/10\/dana.png\" alt=\"Retrato de perra realizado con l\u00e1pices de colores. Dana.\" \/><div class=\"swiper-lazy-preloader\"><\/div><\/figure><\/div><div class=\"swiper-slide\" role=\"group\" aria-roledescription=\"slide\" aria-label=\"18 de 34\"><figure class=\"swiper-slide-inner\"><img class=\"swiper-slide-image swiper-lazy\" data-src=\"https:\/\/byartistic.com\/wp-content\/uploads\/2025\/10\/valentin.png\" alt=\"Retrato de gato realizado con l\u00e1pices de colores. Valent\u00edn.\" \/><div class=\"swiper-lazy-preloader\"><\/div><\/figure><\/div><div class=\"swiper-slide\" role=\"group\" aria-roledescription=\"slide\" aria-label=\"19 de 34\"><figure class=\"swiper-slide-inner\"><img class=\"swiper-slide-image swiper-lazy\" data-src=\"https:\/\/byartistic.com\/wp-content\/uploads\/2025\/10\/eira.png\" alt=\"Retrato de ni\u00f1a con sus mascotas realizado a l\u00e1piz de color. Eira, Drac y Mixi.\" \/><div class=\"swiper-lazy-preloader\"><\/div><\/figure><\/div><div class=\"swiper-slide\" role=\"group\" aria-roledescription=\"slide\" aria-label=\"20 de 34\"><figure class=\"swiper-slide-inner\"><img class=\"swiper-slide-image swiper-lazy\" data-src=\"https:\/\/byartistic.com\/wp-content\/uploads\/2025\/10\/idar.png\" alt=\"Retrato de ni\u00f1o con sus mascotas realizado a l\u00e1piz de color. Idar, Colego y Kitty.\" \/><div class=\"swiper-lazy-preloader\"><\/div><\/figure><\/div><div class=\"swiper-slide\" role=\"group\" aria-roledescription=\"slide\" aria-label=\"21 de 34\"><figure class=\"swiper-slide-inner\"><img class=\"swiper-slide-image swiper-lazy\" data-src=\"https:\/\/byartistic.com\/wp-content\/uploads\/2025\/10\/3gos.png\" alt=\"Retrato familiar de perros realizado con l\u00e1pices de colores. Jacob, Shana y Sony.\" \/><div class=\"swiper-lazy-preloader\"><\/div><\/figure><\/div><div class=\"swiper-slide\" role=\"group\" aria-roledescription=\"slide\" aria-label=\"22 de 34\"><figure class=\"swiper-slide-inner\"><img class=\"swiper-slide-image swiper-lazy\" data-src=\"https:\/\/byartistic.com\/wp-content\/uploads\/2025\/10\/leo.png\" alt=\"Retrato de perro realizado con l\u00e1pices de colores. Leo.\" \/><div class=\"swiper-lazy-preloader\"><\/div><\/figure><\/div><div class=\"swiper-slide\" role=\"group\" aria-roledescription=\"slide\" aria-label=\"23 de 34\"><figure class=\"swiper-slide-inner\"><img class=\"swiper-slide-image swiper-lazy\" data-src=\"https:\/\/byartistic.com\/wp-content\/uploads\/2025\/10\/inma.png\" alt=\"Retrato de mujer a carb\u00f3n realizado como boceto para retrato al \u00f3leo. Inma.\" \/><div class=\"swiper-lazy-preloader\"><\/div><\/figure><\/div><div class=\"swiper-slide\" role=\"group\" aria-roledescription=\"slide\" aria-label=\"24 de 34\"><figure class=\"swiper-slide-inner\"><img class=\"swiper-slide-image swiper-lazy\" data-src=\"https:\/\/byartistic.com\/wp-content\/uploads\/2025\/10\/quino.png\" alt=\"Retrato de hombre realizado con l\u00e1pices de colores. Quino.\" \/><div class=\"swiper-lazy-preloader\"><\/div><\/figure><\/div><div class=\"swiper-slide\" role=\"group\" aria-roledescription=\"slide\" aria-label=\"25 de 34\"><figure class=\"swiper-slide-inner\"><img class=\"swiper-slide-image swiper-lazy\" data-src=\"https:\/\/byartistic.com\/wp-content\/uploads\/2025\/10\/frida.png\" alt=\"Retrato de gatita realizado a pastel. Frida.\" \/><div class=\"swiper-lazy-preloader\"><\/div><\/figure><\/div><div class=\"swiper-slide\" role=\"group\" aria-roledescription=\"slide\" aria-label=\"26 de 34\"><figure class=\"swiper-slide-inner\"><img class=\"swiper-slide-image swiper-lazy\" data-src=\"https:\/\/byartistic.com\/wp-content\/uploads\/2025\/10\/eva.png\" alt=\"Retrato de gatita realizado a pastel. Eva.\" \/><div class=\"swiper-lazy-preloader\"><\/div><\/figure><\/div><div class=\"swiper-slide\" role=\"group\" aria-roledescription=\"slide\" aria-label=\"27 de 34\"><figure class=\"swiper-slide-inner\"><img class=\"swiper-slide-image swiper-lazy\" data-src=\"https:\/\/byartistic.com\/wp-content\/uploads\/2025\/10\/pol.png\" alt=\"Retrato de perro realizado con l\u00e1pices de colores. Pol.\" \/><div class=\"swiper-lazy-preloader\"><\/div><\/figure><\/div><div class=\"swiper-slide\" role=\"group\" aria-roledescription=\"slide\" aria-label=\"28 de 34\"><figure class=\"swiper-slide-inner\"><img class=\"swiper-slide-image swiper-lazy\" data-src=\"https:\/\/byartistic.com\/wp-content\/uploads\/2025\/10\/nina.png\" alt=\"Retrato de perra realizado con l\u00e1pices de colores. Nina.\" \/><div class=\"swiper-lazy-preloader\"><\/div><\/figure><\/div><div class=\"swiper-slide\" role=\"group\" aria-roledescription=\"slide\" aria-label=\"29 de 34\"><figure class=\"swiper-slide-inner\"><img class=\"swiper-slide-image swiper-lazy\" data-src=\"https:\/\/byartistic.com\/wp-content\/uploads\/2025\/10\/nuriaball1.png\" alt=\"Retrato de ni\u00f1a bailarina realizado con l\u00e1pices de colores. Nuria.\" \/><div class=\"swiper-lazy-preloader\"><\/div><\/figure><\/div><div class=\"swiper-slide\" role=\"group\" aria-roledescription=\"slide\" aria-label=\"30 de 34\"><figure class=\"swiper-slide-inner\"><img class=\"swiper-slide-image swiper-lazy\" data-src=\"https:\/\/byartistic.com\/wp-content\/uploads\/2025\/10\/nuriaball2.png\" alt=\"Retrato de ni\u00f1a bailarina con tut\u00fa realizado con l\u00e1pices de colores. Nuria.\" \/><div class=\"swiper-lazy-preloader\"><\/div><\/figure><\/div><div class=\"swiper-slide\" role=\"group\" aria-roledescription=\"slide\" aria-label=\"31 de 34\"><figure class=\"swiper-slide-inner\"><img class=\"swiper-slide-image swiper-lazy\" data-src=\"https:\/\/byartistic.com\/wp-content\/uploads\/2025\/10\/lluna.png\" alt=\"Retrato de perra realizado con l\u00e1pices de colores. Lluna.\" \/><div class=\"swiper-lazy-preloader\"><\/div><\/figure><\/div><div class=\"swiper-slide\" role=\"group\" aria-roledescription=\"slide\" aria-label=\"32 de 34\"><figure class=\"swiper-slide-inner\"><img class=\"swiper-slide-image swiper-lazy\" data-src=\"https:\/\/byartistic.com\/wp-content\/uploads\/2025\/10\/nuria.png\" alt=\"Retrato de adolescente realizado con l\u00e1pices de colores. Nuria.\" \/><div class=\"swiper-lazy-preloader\"><\/div><\/figure><\/div><div class=\"swiper-slide\" role=\"group\" aria-roledescription=\"slide\" aria-label=\"33 de 34\"><figure class=\"swiper-slide-inner\"><img class=\"swiper-slide-image swiper-lazy\" data-src=\"https:\/\/byartistic.com\/wp-content\/uploads\/2025\/10\/manela.png\" alt=\"Retrato de mujer acostada de espaldas realizado con l\u00e1pices de colores. Manela.\" \/><div class=\"swiper-lazy-preloader\"><\/div><\/figure><\/div><div class=\"swiper-slide\" role=\"group\" aria-roledescription=\"slide\" aria-label=\"34 de 34\"><figure class=\"swiper-slide-inner\"><img class=\"swiper-slide-image swiper-lazy\" data-src=\"https:\/\/byartistic.com\/wp-content\/uploads\/2025\/10\/evaeden.png\" alt=\"Retrato de mujer en el para\u00edso realizado con l\u00e1piz de color. Eva.\" \/><div class=\"swiper-lazy-preloader\"><\/div><\/figure><\/div>\t\t\t<\/div>\n\t\t\t\t\t\t\t\n\t\t\t\t\t\t\t\t\t<\/div>\n\t\t\t\t\t\t<\/div>\n\t\t\t\t\t<\/div>\n\t\t\t\t<\/div>\n\t\t<div class=\"elementor-element elementor-element-728ed06 e-con-full e-flex e-con e-parent\" data-id=\"728ed06\" data-element_type=\"container\" data-e-type=\"container\">\n\t\t\t\t<div class=\"elementor-element elementor-element-0ae3590 elementor-widget elementor-widget-text-editor\" data-id=\"0ae3590\" data-element_type=\"widget\" data-e-type=\"widget\" data-widget_type=\"text-editor.default\">\n\t\t\t\t\t\t\t\t\t<p>Bienvenid@s al taller de Byartistic donde os mostramos trabajos propios, materiales, t\u00e9cnicas, ejercicios y procesos inspiradores para empezar o perfeccionar la creaci\u00f3n art\u00edstica a trav\u00e9s del dibujo en su estado m\u00e1s puro.<\/p>\t\t\t\t\t\t\t\t<\/div>\n\t\t\t\t<\/div>\n\t\t<div class=\"elementor-element elementor-element-eacc1e3 e-flex e-con-boxed e-con e-parent\" data-id=\"eacc1e3\" data-element_type=\"container\" data-e-type=\"container\">\n\t\t\t\t\t<div class=\"e-con-inner\">\n\t\t\t\t<div class=\"elementor-element elementor-element-5d6ce89 elementor-widget elementor-widget-spacer\" data-id=\"5d6ce89\" data-element_type=\"widget\" data-e-type=\"widget\" data-widget_type=\"spacer.default\">\n\t\t\t\t\t\t\t<div class=\"elementor-spacer\">\n\t\t\t<div class=\"elementor-spacer-inner\"><\/div>\n\t\t<\/div>\n\t\t\t\t\t\t<\/div>\n\t\t\t\t\t<\/div>\n\t\t\t\t<\/div>\n\t\t<div class=\"elementor-element elementor-element-c40ab53 e-flex e-con-boxed e-con e-parent\" data-id=\"c40ab53\" data-element_type=\"container\" data-e-type=\"container\">\n\t\t\t\t\t<div class=\"e-con-inner\">\n\t\t<div class=\"elementor-element elementor-element-74b863f e-con-full e-flex e-con e-child\" data-id=\"74b863f\" data-element_type=\"container\" data-e-type=\"container\">\n\t\t\t\t<div class=\"elementor-element elementor-element-a78d2b3 elementor-widget__width-initial elementor-widget elementor-widget-text-editor\" data-id=\"a78d2b3\" data-element_type=\"widget\" data-e-type=\"widget\" data-widget_type=\"text-editor.default\">\n\t\t\t\t\t\t\t\t\t<p>La apasionante t\u00e9cnica del dibujo, como \u00fanica expresi\u00f3n art\u00edstica, nos ha llevado a reivindicar su valor e importancia como Arte Mayor por s\u00ed misma.<\/p>\t\t\t\t\t\t\t\t<\/div>\n\t\t\t\t<\/div>\n\t\t<div class=\"elementor-element elementor-element-090a437 e-con-full e-flex e-con e-child\" data-id=\"090a437\" data-element_type=\"container\" data-e-type=\"container\">\n\t\t\t\t<div class=\"elementor-element elementor-element-2438d86 elementor-align-center elementor-widget elementor-widget-button\" data-id=\"2438d86\" data-element_type=\"widget\" data-e-type=\"widget\" data-widget_type=\"button.default\">\n\t\t\t\t\t\t\t\t\t\t<a class=\"elementor-button elementor-button-link elementor-size-sm elementor-animation-sink\" href=\"#\">\n\t\t\t\t\t\t<span class=\"elementor-button-content-wrapper\">\n\t\t\t\t\t\t\t\t\t<span class=\"elementor-button-text\">PROCESOS<\/span>\n\t\t\t\t\t<\/span>\n\t\t\t\t\t<\/a>\n\t\t\t\t\t\t\t\t<\/div>\n\t\t\t\t<div class=\"elementor-element elementor-element-ae62a1f elementor-align-center elementor-widget elementor-widget-button\" data-id=\"ae62a1f\" data-element_type=\"widget\" data-e-type=\"widget\" data-widget_type=\"button.default\">\n\t\t\t\t\t\t\t\t\t\t<a class=\"elementor-button elementor-button-link elementor-size-sm elementor-animation-sink\" href=\"#\">\n\t\t\t\t\t\t<span class=\"elementor-button-content-wrapper\">\n\t\t\t\t\t\t\t\t\t<span class=\"elementor-button-text\">MATERIALES<\/span>\n\t\t\t\t\t<\/span>\n\t\t\t\t\t<\/a>\n\t\t\t\t\t\t\t\t<\/div>\n\t\t\t\t<div class=\"elementor-element elementor-element-d777c01 elementor-align-center elementor-widget elementor-widget-button\" data-id=\"d777c01\" data-element_type=\"widget\" data-e-type=\"widget\" data-widget_type=\"button.default\">\n\t\t\t\t\t\t\t\t\t\t<a class=\"elementor-button elementor-button-link elementor-size-sm elementor-animation-sink\" href=\"#\">\n\t\t\t\t\t\t<span class=\"elementor-button-content-wrapper\">\n\t\t\t\t\t\t\t\t\t<span class=\"elementor-button-text\">EQUIPO<\/span>\n\t\t\t\t\t<\/span>\n\t\t\t\t\t<\/a>\n\t\t\t\t\t\t\t\t<\/div>\n\t\t\t\t<\/div>\n\t\t<div class=\"elementor-element elementor-element-076c26f e-con-full e-flex e-con e-child\" data-id=\"076c26f\" data-element_type=\"container\" data-e-type=\"container\">\n\t\t\t\t<div class=\"elementor-element elementor-element-3ec9008 elementor-widget__width-initial elementor-widget elementor-widget-text-editor\" data-id=\"3ec9008\" data-element_type=\"widget\" data-e-type=\"widget\" data-widget_type=\"text-editor.default\">\n\t\t\t\t\t\t\t\t\t<p>Desde Byartistic hemos decidido que nuestro m\u00e1ximo objetivo es divulgar, de manera entretenida, la importancia del dibujo.<br \/>Esperamos que disfrut\u00e9is de nuestro contenido.<\/p>\t\t\t\t\t\t\t\t<\/div>\n\t\t\t\t<\/div>\n\t\t\t\t\t<\/div>\n\t\t\t\t<\/div>\n\t\t<div class=\"elementor-element elementor-element-3a75edb e-flex e-con-boxed e-con e-parent\" data-id=\"3a75edb\" data-element_type=\"container\" data-e-type=\"container\">\n\t\t\t\t\t<div class=\"e-con-inner\">\n\t\t\t\t<div class=\"elementor-element elementor-element-71c1da6 elementor-widget elementor-widget-spacer\" data-id=\"71c1da6\" data-element_type=\"widget\" data-e-type=\"widget\" data-widget_type=\"spacer.default\">\n\t\t\t\t\t\t\t<div class=\"elementor-spacer\">\n\t\t\t<div class=\"elementor-spacer-inner\"><\/div>\n\t\t<\/div>\n\t\t\t\t\t\t<\/div>\n\t\t\t\t\t<\/div>\n\t\t\t\t<\/div>\n\t\t<div class=\"elementor-element elementor-element-7baa456 e-flex e-con-boxed e-con e-parent\" data-id=\"7baa456\" data-element_type=\"container\" data-e-type=\"container\">\n\t\t\t\t\t<div class=\"e-con-inner\">\n\t\t<div class=\"elementor-element elementor-element-a836d5e e-con-full e-flex e-con e-child\" data-id=\"a836d5e\" data-element_type=\"container\" data-e-type=\"container\">\n\t\t\t\t<div class=\"elementor-element elementor-element-e72ee5c elementor-widget elementor-widget-wp-widget-custom_html\" data-id=\"e72ee5c\" data-element_type=\"widget\" data-e-type=\"widget\" data-widget_type=\"wp-widget-custom_html.default\">\n\t\t\t\t<div class=\"elementor-widget-container\">\n\t\t\t\t\t<h5>Contacto<\/h5><div class=\"textwidget custom-html-widget\"><a href=\"mailto:byartistic.info@gmail.com\">byartistic.info@gmail.com<\/a><\/div>\t\t\t\t<\/div>\n\t\t\t\t<\/div>\n\t\t\t\t<div class=\"elementor-element elementor-element-e8d38f8 elementor-widget elementor-widget-text-editor\" data-id=\"e8d38f8\" data-element_type=\"widget\" data-e-type=\"widget\" data-widget_type=\"text-editor.default\">\n\t\t\t\t\t\t\t\t\t<p data-pm-slice=\"1 1 []\">Para cualquier consulta o gesti\u00f3n, ponemos a vuestra disposici\u00f3n nuestro correo de contacto.\u00a0<\/p>\t\t\t\t\t\t\t\t<\/div>\n\t\t\t\t<\/div>\n\t\t<div class=\"elementor-element elementor-element-cb21443 e-con-full e-flex e-con e-child\" data-id=\"cb21443\" data-element_type=\"container\" data-e-type=\"container\">\n\t\t\t\t<div class=\"elementor-element elementor-element-1c85fea elementor-align-center elementor-widget elementor-widget-button\" data-id=\"1c85fea\" data-element_type=\"widget\" data-e-type=\"widget\" data-widget_type=\"button.default\">\n\t\t\t\t\t\t\t\t\t\t<a class=\"elementor-button elementor-button-link elementor-size-sm elementor-animation-sink\" href=\"#\">\n\t\t\t\t\t\t<span class=\"elementor-button-content-wrapper\">\n\t\t\t\t\t\t\t\t\t<span class=\"elementor-button-text\">TIEMPOS Y VALORES ORIENTATIVOS<\/span>\n\t\t\t\t\t<\/span>\n\t\t\t\t\t<\/a>\n\t\t\t\t\t\t\t\t<\/div>\n\t\t\t\t<div class=\"elementor-element elementor-element-7b32456 elementor-widget elementor-widget-text-editor\" data-id=\"7b32456\" data-element_type=\"widget\" data-e-type=\"widget\" data-widget_type=\"text-editor.default\">\n\t\t\t\t\t\t\t\t\t<p>Llevamos un estricto control y orden en nuestra lista de espera por turno de llegada de encargo o proyecto.<\/p>\t\t\t\t\t\t\t\t<\/div>\n\t\t\t\t<\/div>\n\t\t\t\t\t<\/div>\n\t\t\t\t<\/div>\n\t\t\t\t<\/div>\n\t\t","protected":false},"excerpt":{"rendered":"<p>byartistic Byartistic.com web de dibujo Bienvenid@s al taller de Byartistic donde os mostramos trabajos propios, materiales, t\u00e9cnicas, ejercicios y procesos inspiradores para empezar o perfeccionar la creaci\u00f3n art\u00edstica a trav\u00e9s del dibujo en su estado m\u00e1s puro. La apasionante t\u00e9cnica del dibujo, como \u00fanica expresi\u00f3n art\u00edstica, nos ha llevado a reivindicar su valor e importancia [&hellip;]<\/p>\n","protected":false},"author":1,"featured_media":105,"parent":0,"menu_order":0,"comment_status":"closed","ping_status":"closed","template":"","meta":{"footnotes":""},"class_list":["post-185","page","type-page","status-publish","has-post-thumbnail","hentry"],"_links":{"self":[{"href":"https:\/\/byartistic.com\/index.php?rest_route=\/wp\/v2\/pages\/185","targetHints":{"allow":["GET"]}}],"collection":[{"href":"https:\/\/byartistic.com\/index.php?rest_route=\/wp\/v2\/pages"}],"about":[{"href":"https:\/\/byartistic.com\/index.php?rest_route=\/wp\/v2\/types\/page"}],"author":[{"embeddable":true,"href":"https:\/\/byartistic.com\/index.php?rest_route=\/wp\/v2\/users\/1"}],"replies":[{"embeddable":true,"href":"https:\/\/byartistic.com\/index.php?rest_route=%2Fwp%2Fv2%2Fcomments&post=185"}],"version-history":[{"count":343,"href":"https:\/\/byartistic.com\/index.php?rest_route=\/wp\/v2\/pages\/185\/revisions"}],"predecessor-version":[{"id":1073,"href":"https:\/\/byartistic.com\/index.php?rest_route=\/wp\/v2\/pages\/185\/revisions\/1073"}],"wp:featuredmedia":[{"embeddable":true,"href":"https:\/\/byartistic.com\/index.php?rest_route=\/wp\/v2\/media\/105"}],"wp:attachment":[{"href":"https:\/\/byartistic.com\/index.php?rest_route=%2Fwp%2Fv2%2Fmedia&parent=185"}],"curies":[{"name":"wp","href":"https:\/\/api.w.org\/{rel}","templated":true}]}}