{"id":1009,"date":"2026-01-21T17:51:21","date_gmt":"2026-01-21T16:51:21","guid":{"rendered":"https:\/\/byartistic.com\/?page_id=1009"},"modified":"2026-01-26T20:55:32","modified_gmt":"2026-01-26T19:55:32","slug":"equipo","status":"publish","type":"page","link":"https:\/\/byartistic.com\/?page_id=1009","title":{"rendered":"Equipo"},"content":{"rendered":"\t\t<div data-elementor-type=\"wp-page\" data-elementor-id=\"1009\" class=\"elementor elementor-1009\">\n\t\t\t\t<div class=\"elementor-element elementor-element-0327030 e-flex e-con-boxed e-con e-parent\" data-id=\"0327030\" data-element_type=\"container\" data-e-type=\"container\">\n\t\t\t\t\t<div class=\"e-con-inner\">\n\t\t\t\t<div class=\"elementor-element elementor-element-547229c elementor-widget elementor-widget-image\" data-id=\"547229c\" data-element_type=\"widget\" data-e-type=\"widget\" data-widget_type=\"image.default\">\n\t\t\t\t\t\t\t\t\t\t\t\t\t\t\t<img decoding=\"async\" width=\"600\" height=\"71\" src=\"https:\/\/byartistic.com\/wp-content\/uploads\/2025\/09\/titolgran-600x71.png\" class=\"attachment-medium size-medium wp-image-353\" alt=\"\" srcset=\"https:\/\/byartistic.com\/wp-content\/uploads\/2025\/09\/titolgran-600x71.png 600w, https:\/\/byartistic.com\/wp-content\/uploads\/2025\/09\/titolgran-768x91.png 768w, https:\/\/byartistic.com\/wp-content\/uploads\/2025\/09\/titolgran-1536x181.png 1536w, https:\/\/byartistic.com\/wp-content\/uploads\/2025\/09\/titolgran-2048x241.png 2048w\" sizes=\"(max-width: 600px) 100vw, 600px\" \/>\t\t\t\t\t\t\t\t\t\t\t\t\t\t\t<\/div>\n\t\t\t\t<div class=\"elementor-element elementor-element-4e1b32c elementor-widget elementor-widget-spacer\" data-id=\"4e1b32c\" data-element_type=\"widget\" data-e-type=\"widget\" data-widget_type=\"spacer.default\">\n\t\t\t\t\t\t\t<div class=\"elementor-spacer\">\n\t\t\t<div class=\"elementor-spacer-inner\"><\/div>\n\t\t<\/div>\n\t\t\t\t\t\t<\/div>\n\t\t\t\t<div class=\"elementor-element elementor-element-ce7b00d elementor-widget elementor-widget-text-editor\" data-id=\"ce7b00d\" data-element_type=\"widget\" data-e-type=\"widget\" data-widget_type=\"text-editor.default\">\n\t\t\t\t\t\t\t\t\t<p>Byartistic se ha gestado durante cuatro a\u00f1os, tiempo que hemos dedicado a formarnos en la rama digital de la creaci\u00f3n y divulgaci\u00f3n art\u00edstica a todos los niveles: programaci\u00f3n y dise\u00f1o web, UX\/UI, SEO\/SEM, marketing y publicidad, neuromarketing, gesti\u00f3n de RRSS\/community management, creaci\u00f3n y edici\u00f3n de contenidos digitales multimedia, dise\u00f1o gr\u00e1fico, edici\u00f3n de imagen y sonido, gesti\u00f3n emprendedora&#8230;<\/p><p>Y seguimos en ello, ya que la formaci\u00f3n en el mundo art\u00edstico no termina jam\u00e1s, y en el mundo del marketing digital cambia constantemente.<\/p><p>Siempre hay algo \u00fatil que aprender si se quiere evolucionar y crecer.<\/p>\t\t\t\t\t\t\t\t<\/div>\n\t\t\t\t\t<\/div>\n\t\t\t\t<\/div>\n\t\t<div class=\"elementor-element elementor-element-ebf111d e-flex e-con-boxed e-con e-parent\" data-id=\"ebf111d\" data-element_type=\"container\" data-e-type=\"container\">\n\t\t\t\t\t<div class=\"e-con-inner\">\n\t\t\t\t<div class=\"elementor-element elementor-element-9de9d95 elementor-widget elementor-widget-spacer\" data-id=\"9de9d95\" data-element_type=\"widget\" data-e-type=\"widget\" data-widget_type=\"spacer.default\">\n\t\t\t\t\t\t\t<div class=\"elementor-spacer\">\n\t\t\t<div class=\"elementor-spacer-inner\"><\/div>\n\t\t<\/div>\n\t\t\t\t\t\t<\/div>\n\t\t\t\t\t<\/div>\n\t\t\t\t<\/div>\n\t\t<div class=\"elementor-element elementor-element-c18daeb e-flex e-con-boxed e-con e-parent\" data-id=\"c18daeb\" data-element_type=\"container\" data-e-type=\"container\">\n\t\t\t\t\t<div class=\"e-con-inner\">\n\t\t<div class=\"elementor-element elementor-element-ca20c54 e-con-full e-flex e-con e-child\" data-id=\"ca20c54\" data-element_type=\"container\" data-e-type=\"container\">\n\t\t\t\t<div class=\"elementor-element elementor-element-1033ae0 elementor-widget elementor-widget-heading\" data-id=\"1033ae0\" data-element_type=\"widget\" data-e-type=\"widget\" data-widget_type=\"heading.default\">\n\t\t\t\t\t<h2 class=\"elementor-heading-title elementor-size-default\">EL POR QU\u00c9 DE NUESTRO PROYECTO <\/h2>\t\t\t\t<\/div>\n\t\t\t\t<div class=\"elementor-element elementor-element-d6323d1 elementor-widget elementor-widget-text-editor\" data-id=\"d6323d1\" data-element_type=\"widget\" data-e-type=\"widget\" data-widget_type=\"text-editor.default\">\n\t\t\t\t\t\t\t\t\t<p>Hemos creado el proyecto Byartistic por necesidad\u2026<\/p><p>Necesidad de un nuevo futuro profesional autogestionado y con una motivaci\u00f3n clara: disfrutar del trabajo, sentir la emoci\u00f3n de crear, compartir, aprender y superarse.<\/p><p>Necesidad de retomar la vocaci\u00f3n art\u00edstica; volver a los or\u00edgenes, sentir de nuevo la libertad y transmitir emociones a trav\u00e9s de una obra sencilla y realista, como el dibujo.<\/p><p>Necesidad de capturar y plasmar la esencia del modelo; que la imagen nos evoque su presencia, el tiempo compartido y permita rememorar un instante concreto o toda una vida.<\/p><p>Necesidad de capturar un lugar, una luz, un instante&#8230; Recordar por siempre un olor o un sabor al visualizar de nuevo ese espacio.<\/p><p>Necesidad de crear v\u00ednculos, compartir y transmitir las etapas del proceso de trabajo y la satisfacci\u00f3n del resultado final con los clientes. As\u00ed, nos sentimos excelentes por el trabajo realizado, ya que es una parte importante del proyecto Byartistic. Con las nuevas tecnolog\u00edas, ahora no tenemos l\u00edmites y podemos interactuar con cualquier parte del mundo en tiempo real, colaborando con el cliente en el proceso creativo y dando valor a\u00f1adido a nuestras obras.<\/p><p>\u00a0<\/p><p>Disfrutar de esta vocaci\u00f3n en compa\u00f1\u00eda de los seres queridos es un privilegio, y crear obras y contenidos digitales para formar comunidad y compartir las buenas experiencias art\u00edsticas adquiridas a lo largo de m\u00e1s de treinta a\u00f1os es un placer&#8230; un sue\u00f1o cumplido.<br \/>Gracias familia, amigos, alumnos y clientes&#8230; \u00a1Gracias!<\/p>\t\t\t\t\t\t\t\t<\/div>\n\t\t\t\t<\/div>\n\t\t\t\t\t<\/div>\n\t\t\t\t<\/div>\n\t\t<div class=\"elementor-element elementor-element-91ea4b0 e-flex e-con-boxed e-con e-parent\" data-id=\"91ea4b0\" data-element_type=\"container\" data-e-type=\"container\">\n\t\t\t\t\t<div class=\"e-con-inner\">\n\t\t\t\t<div class=\"elementor-element elementor-element-f531937 elementor-widget elementor-widget-spacer\" data-id=\"f531937\" data-element_type=\"widget\" data-e-type=\"widget\" data-widget_type=\"spacer.default\">\n\t\t\t\t\t\t\t<div class=\"elementor-spacer\">\n\t\t\t<div class=\"elementor-spacer-inner\"><\/div>\n\t\t<\/div>\n\t\t\t\t\t\t<\/div>\n\t\t\t\t<div class=\"elementor-element elementor-element-736f65f elementor-widget elementor-widget-heading\" data-id=\"736f65f\" data-element_type=\"widget\" data-e-type=\"widget\" data-widget_type=\"heading.default\">\n\t\t\t\t\t<h2 class=\"elementor-heading-title elementor-size-default\">QUIEN SOMOS<\/h2>\t\t\t\t<\/div>\n\t\t\t\t\t<\/div>\n\t\t\t\t<\/div>\n\t\t<div class=\"elementor-element elementor-element-0367c2a e-grid e-con-boxed e-con e-parent\" data-id=\"0367c2a\" data-element_type=\"container\" data-e-type=\"container\">\n\t\t\t\t\t<div class=\"e-con-inner\">\n\t\t<div class=\"elementor-element elementor-element-8e82096 e-grid e-con-full e-con e-child\" data-id=\"8e82096\" data-element_type=\"container\" data-e-type=\"container\">\n\t\t\t\t<div class=\"elementor-element elementor-element-07184aa elementor-widget elementor-widget-text-editor\" data-id=\"07184aa\" data-element_type=\"widget\" data-e-type=\"widget\" data-widget_type=\"text-editor.default\">\n\t\t\t\t\t\t\t\t\t<p>Betty (alias BB) es la B de ByArtistic y la primera parte primordial del equipo creativo. <br \/>Relaciones publicas del grupo con m\u00e1s de doce a\u00f1os de experiencia. Conquista al publico con su encanto, delicadeza y dulzura.<br \/>Experta malabarista, corredora sprint y modelo vivo en el taller.<\/p>\t\t\t\t\t\t\t\t<\/div>\n\t\t\t\t<\/div>\n\t\t<div class=\"elementor-element elementor-element-c24648f e-grid e-con-full e-con e-child\" data-id=\"c24648f\" data-element_type=\"container\" data-e-type=\"container\">\n\t\t\t\t<div class=\"elementor-element elementor-element-4515516 elementor-widget elementor-widget-text-editor\" data-id=\"4515516\" data-element_type=\"widget\" data-e-type=\"widget\" data-widget_type=\"text-editor.default\">\n\t\t\t\t\t\t\t\t\t<p>Ava (alias Baby) es la A de ByArtistic y la segunda parte imprescindible del equipo.<br \/>Nos ha dejado llenos de su amor \u00abPunki\u00bb y sigue con nosotros en todo momento, nos gu\u00eda y alienta a seguir con el proyecto a trav\u00e9s de su extenso legado fotogr\u00e1fico y audiovisual.<br \/>Creadora de momentos inolvidables con su alegr\u00eda y gran carisma.<br \/>Experta saltimbanqui, humorista y modelo vivo para el taller de Byartistic.<\/p>\t\t\t\t\t\t\t\t<\/div>\n\t\t\t\t<\/div>\n\t\t<div class=\"elementor-element elementor-element-28eef18 e-grid e-con-full e-con e-child\" data-id=\"28eef18\" data-element_type=\"container\" data-e-type=\"container\">\n\t\t\t\t<div class=\"elementor-element elementor-element-c6be572 elementor-widget elementor-widget-text-editor\" data-id=\"c6be572\" data-element_type=\"widget\" data-e-type=\"widget\" data-widget_type=\"text-editor.default\">\n\t\t\t\t\t\t\t\t\t<p>Mikky (alias Mi-xan) la primera incorporaci\u00f3n felina del equipo y del Clan M. Experta creadora de memes y material grafico de calidad con una vitalidad inagotable.<\/p>\t\t\t\t\t\t\t\t<\/div>\n\t\t\t\t<\/div>\n\t\t<div class=\"elementor-element elementor-element-afcb017 e-grid e-con-full e-con e-child\" data-id=\"afcb017\" data-element_type=\"container\" data-e-type=\"container\">\n\t\t\t\t<div class=\"elementor-element elementor-element-e96a2dd elementor-widget elementor-widget-text-editor\" data-id=\"e96a2dd\" data-element_type=\"widget\" data-e-type=\"widget\" data-widget_type=\"text-editor.default\">\n\t\t\t\t\t\t\t\t\t<p>Mano (alias Manomanitas) Experto en selfies y creador de memes. Nos ha dejado llenos de felicidad, amor incondicional, lealtad y nobleza. Segundo componente del Clan M, ha dejado un legado visual importante como muestra de su excepcionalidad.<\/p>\t\t\t\t\t\t\t\t<\/div>\n\t\t\t\t<\/div>\n\t\t<div class=\"elementor-element elementor-element-9a9f3ff e-grid e-con-full e-con e-child\" data-id=\"9a9f3ff\" data-element_type=\"container\" data-e-type=\"container\">\n\t\t\t\t<div class=\"elementor-element elementor-element-ec5eb3d elementor-widget elementor-widget-text-editor\" data-id=\"ec5eb3d\" data-element_type=\"widget\" data-e-type=\"widget\" data-widget_type=\"text-editor.default\">\n\t\t\t\t\t\t\t\t\t<p>Mami. Paciente y amante madre de Mikky y Mano. Ultima componente del Clan M. Experta creadora de contenido de larga duraci\u00f3n, supervisora de exteriores y practicante activa en \u00abcroqueting\u00bb.<\/p>\t\t\t\t\t\t\t\t<\/div>\n\t\t\t\t<\/div>\n\t\t<div class=\"elementor-element elementor-element-abdaffa e-grid e-con-full e-con e-child\" data-id=\"abdaffa\" data-element_type=\"container\" data-e-type=\"container\">\n\t\t\t\t<div class=\"elementor-element elementor-element-27f3887 elementor-widget elementor-widget-text-editor\" data-id=\"27f3887\" data-element_type=\"widget\" data-e-type=\"widget\" data-widget_type=\"text-editor.default\">\n\t\t\t\t\t\t\t\t\t<p>Familia Arnolfini<\/p><p>Nuestro \u00abmatrimonio Arnolfini\u00bb de Van Eyke particular, parec\u00edan ser las ultimas incorporaciones felinas al equipo de creaci\u00f3n&#8230; Nacar, Gilda y Takettes han tomado el relevo en la creaci\u00f3n de contenido con mucha energ\u00eda, positividad y alegr\u00eda. Grandes profesionales de la coreograf\u00eda, creadores de memes y modelos vivos en nuestro taller.<\/p>\t\t\t\t\t\t\t\t<\/div>\n\t\t\t\t<\/div>\n\t\t\t\t\t<\/div>\n\t\t\t\t<\/div>\n\t\t<div class=\"elementor-element elementor-element-d50e69d e-grid e-con-boxed e-con e-parent\" data-id=\"d50e69d\" data-element_type=\"container\" data-e-type=\"container\">\n\t\t\t\t\t<div class=\"e-con-inner\">\n\t\t\t\t<div class=\"elementor-element elementor-element-7c566bf elementor-widget elementor-widget-text-editor\" data-id=\"7c566bf\" data-element_type=\"widget\" data-e-type=\"widget\" data-widget_type=\"text-editor.default\">\n\t\t\t\t\t\t\t\t\t<p>Lola Quintana Serra<br \/>Artista que cuenta con m\u00e1s de 30 a\u00f1os de experiencia como dibujante, pintora y dise\u00f1adora. <br \/>Dise\u00f1adora web, docente y creadora digital experta en marketing y publicidad con gran trayectoria en diferentes disciplinas art\u00edsticas cl\u00e1sicas y digitales.<\/p>\t\t\t\t\t\t\t\t<\/div>\n\t\t\t\t\t<\/div>\n\t\t\t\t<\/div>\n\t\t\t\t<\/div>\n\t\t","protected":false},"excerpt":{"rendered":"<p>Byartistic se ha gestado durante cuatro a\u00f1os, tiempo que hemos dedicado a formarnos en la rama digital de la creaci\u00f3n y divulgaci\u00f3n art\u00edstica a todos los niveles: programaci\u00f3n y dise\u00f1o web, UX\/UI, SEO\/SEM, marketing y publicidad, neuromarketing, gesti\u00f3n de RRSS\/community management, creaci\u00f3n y edici\u00f3n de contenidos digitales multimedia, dise\u00f1o gr\u00e1fico, edici\u00f3n de imagen y sonido, [&hellip;]<\/p>\n","protected":false},"author":1,"featured_media":0,"parent":0,"menu_order":0,"comment_status":"closed","ping_status":"closed","template":"","meta":{"footnotes":""},"class_list":["post-1009","page","type-page","status-publish","hentry"],"_links":{"self":[{"href":"https:\/\/byartistic.com\/index.php?rest_route=\/wp\/v2\/pages\/1009","targetHints":{"allow":["GET"]}}],"collection":[{"href":"https:\/\/byartistic.com\/index.php?rest_route=\/wp\/v2\/pages"}],"about":[{"href":"https:\/\/byartistic.com\/index.php?rest_route=\/wp\/v2\/types\/page"}],"author":[{"embeddable":true,"href":"https:\/\/byartistic.com\/index.php?rest_route=\/wp\/v2\/users\/1"}],"replies":[{"embeddable":true,"href":"https:\/\/byartistic.com\/index.php?rest_route=%2Fwp%2Fv2%2Fcomments&post=1009"}],"version-history":[{"count":37,"href":"https:\/\/byartistic.com\/index.php?rest_route=\/wp\/v2\/pages\/1009\/revisions"}],"predecessor-version":[{"id":1129,"href":"https:\/\/byartistic.com\/index.php?rest_route=\/wp\/v2\/pages\/1009\/revisions\/1129"}],"wp:attachment":[{"href":"https:\/\/byartistic.com\/index.php?rest_route=%2Fwp%2Fv2%2Fmedia&parent=1009"}],"curies":[{"name":"wp","href":"https:\/\/api.w.org\/{rel}","templated":true}]}}